{"id":163,"date":"2011-12-09T11:50:03","date_gmt":"2011-12-09T11:50:03","guid":{"rendered":"https:\/\/www.jaeger-id.com\/de\/?p=6"},"modified":"2023-09-25T12:55:27","modified_gmt":"2023-09-25T12:55:27","slug":"designmodellbau","status":"publish","type":"page","link":"https:\/\/www.jaeger-id.com\/de\/leistungen\/designmodellbau\/","title":{"rendered":"Designmodellbau"},"content":{"rendered":"\n<style type=\"text\/css\" data-created_by=\"avia_inline_auto\" id=\"style-css-av-lmyw44gh-b8b8c0c233e34fcc58535b63da3a6f21\">\n.avia-section.av-lmyw44gh-b8b8c0c233e34fcc58535b63da3a6f21{\nbackground-repeat:no-repeat;\nbackground-image:url(https:\/\/www.jaeger-id.com\/files\/leistungen\/designmodellbau-clay-modeli.jpg);\nbackground-position:50% 0%;\nbackground-attachment:fixed;\n}\n<\/style>\n<div id='av_section_1'  class='avia-section av-lmyw44gh-b8b8c0c233e34fcc58535b63da3a6f21 main_color avia-section-default avia-no-border-styling  avia-builder-el-0  avia-builder-el-no-sibling  avia-full-contain avia-bg-style-fixed container_wrap fullsize'  data-section-bg-repeat='contain'><div class='container av-section-cont-open' ><main  role=\"main\" itemprop=\"mainContentOfPage\"  class='template-page content  av-content-full alpha units'><div class='post-entry post-entry-type-page post-entry-163'><div class='entry-content-wrapper clearfix'>\n\n<style type=\"text\/css\" data-created_by=\"avia_inline_auto\" id=\"style-css-av-11l203-b8fed429c5e802b73e2c3f51378532ea\">\n.flex_column.av-11l203-b8fed429c5e802b73e2c3f51378532ea{\nborder-radius:0px 0px 0px 0px;\npadding:20px 20px 20px 20px;\nbackground-color:#ffffff;\n}\n<\/style>\n<div  class='flex_column av-11l203-b8fed429c5e802b73e2c3f51378532ea av_two_third  avia-builder-el-1  el_before_av_one_third  avia-builder-el-first  first flex_column_div  '     ><p>\n<style type=\"text\/css\" data-created_by=\"avia_inline_auto\" id=\"style-css-av-x6ho3-27e0a2263f729141afe2dd1bffc6245e\">\n#top .av-special-heading.av-x6ho3-27e0a2263f729141afe2dd1bffc6245e{\npadding-bottom:10px;\n}\nbody .av-special-heading.av-x6ho3-27e0a2263f729141afe2dd1bffc6245e .av-special-heading-tag .heading-char{\nfont-size:25px;\n}\n.av-special-heading.av-x6ho3-27e0a2263f729141afe2dd1bffc6245e .av-subheading{\nfont-size:15px;\n}\n<\/style>\n<div  class='av-special-heading av-x6ho3-27e0a2263f729141afe2dd1bffc6245e av-special-heading-h2 blockquote modern-quote  avia-builder-el-2  el_before_av_textblock  avia-builder-el-first '><h2 class='av-special-heading-tag'  itemprop=\"headline\"  >Designmodellbau<\/h2><div class='av-subheading av-subheading_below'><p>Erstellung von Claymodellen, Formstudien und Prototypen<\/p>\n<\/div><div class=\"special-heading-border\"><div class=\"special-heading-inner-border\"><\/div><\/div><\/div><br \/>\n<section  class='av_textblock_section av-ovjbn-cad559f619d282f8d2353f744016ee99 '   itemscope=\"itemscope\" itemtype=\"https:\/\/schema.org\/CreativeWork\" ><div class='avia_textblock'  itemprop=\"text\" ><p>Designmodelle sind im Prozess der Produktgestaltung unverzichtbar.\u00a0Auch wenn Renderings und 3D-Visualisierungen dem Betrachter ein fotorealistisches und eindrucksvolles Bild vermitteln, so l\u00e4sst sich doch ein Entwurf meist erst mit dem \u201cBegreifen\u201d eines physischen Modelles richtig erfassen. Es ist also notwendig, dass virtuelle Entwurfsarbeit und die Erstellung realer Objekte w\u00e4hrend des Entwurfsprozesses Hand in Hand gehen. Haupts\u00e4chlich werden Designmodelle auf der Basis von 3D-CAD-Datens\u00e4tzen erstellt und mittels CNC-gesteuerter Prozesse (z.B. Fr\u00e4sen) umgesetzt. Falls der Kunde diese Datens\u00e4tze nicht selbst erstellen kann, \u00fcbernehmen wir die Konstruktion selbstverst\u00e4ndlich.<\/p>\n<p>Neben den digital basierten Modellbauverfahren kommen auch klassische und bew\u00e4hrte h\u00e4ndische Verfahren zum Einsatz: Formstudien werden aus speziellem Industrieplastilin angefertigt, der auch in der Automobilindustrie Verwendung findet. Auf diese Weise ergibt sich ein direktes r\u00e4umliches Feedback beim Designprozess, das die Formfindung erheblich beschleunigt. Das Designmodell ist so ohne zus\u00e4tzliche maschinelle Fertigungszeiten sofort verf\u00fcgbar und der Kunden erh\u00e4lt zeitnah einen plastischen und begreifbaren Eindruck der Entw\u00fcrfe. Claymodelle sind auch zum direkten Abformen, zum Beispiel f\u00fcr GFK-Negativformen geeignet. Bei ma\u00dfst\u00e4blichen Modellen werden 3D-Scans der Claymodelle angefertigt, die dann wiederum zum Aufbau eines geometrisch perfekten Fl\u00e4chenverbandes dienen.<\/p>\n<p>F\u00fcr die Umsetzung von funktionsf\u00e4higen Prototypen nutzen wir die g\u00e4ngigen Verfahren wie selektives Lasersintern, Stereolithographie, Vakuumguss und CNC-Fr\u00e4sen.<\/p>\n<p>Wir bieten die Herstellung von Designmodellen f\u00fcr andere Designer oder B\u00fcros, die nicht \u00fcber ausreichend Zeit oder das Know-How verf\u00fcgen, selbst Designmodelle zu erstellen.<br \/>\nAlle Modelle entsprechen h\u00f6chsten qualitativen Anspr\u00fcchen, sind pr\u00e4sentationsreif und werden termingerecht geliefert.<\/p>\n<\/div><\/section><br \/>\n<div  class='av_promobox av-mdu5n-2829912d3e850fd03a60fb678caba629 avia-button-yes  avia-builder-el-4  el_after_av_textblock  avia-builder-el-last '><div class='avia-promocontent'><p>\nBen\u00f6tigen Sie Unterst\u00fctzung bei der Umsetzung von Designmodellen?<\/p>\n<\/div><div  class='avia-button-wrap av-mdu5n-4fa6b737ff25f08a72bf1b71a8197778-wrap avia-button-right '><a href='https:\/\/www.jaeger-id.com\/de\/kontakt\/'  class='avia-button av-mdu5n-4fa6b737ff25f08a72bf1b71a8197778 avia-icon_select-yes-left-icon avia-size-large avia-position-right avia-color-theme-color'  ><span class='avia_button_icon avia_button_icon_left' aria-hidden='true' data-av_icon='\ue85c' data-av_iconfont='entypo-fontello'><\/span><span class='avia_iconbox_title' >Kontakt aufnehmen<\/span><\/a><\/div><\/div><\/p><\/div>\n<style type=\"text\/css\" data-created_by=\"avia_inline_auto\" id=\"style-css-av-d3057-08c87a7860e7d46f0657d01807eb86b7\">\n.flex_column.av-d3057-08c87a7860e7d46f0657d01807eb86b7{\nborder-radius:0px 0px 0px 0px;\npadding:0px 0px 0px 0px;\n}\n<\/style>\n<div  class='flex_column av-d3057-08c87a7860e7d46f0657d01807eb86b7 av_one_third  avia-builder-el-5  el_after_av_two_third  avia-builder-el-last  flex_column_div av-zero-column-padding  '     ><style type=\"text\/css\" data-created_by=\"avia_inline_auto\" id=\"style-css-av-os3n-e5b5dfa6a1a7c969e20ffadc8a1eb746\">\n#top .avia-gallery.av-os3n-e5b5dfa6a1a7c969e20ffadc8a1eb746 .avia-gallery-thumb a{\nwidth:100%;\n}\n<\/style>\n<div  class='avia-gallery av-os3n-e5b5dfa6a1a7c969e20ffadc8a1eb746 avia_animate_when_visible  avia-builder-el-6  avia-builder-el-no-sibling  auf-phone-ausblenden deactivate_avia_lazyload avia-gallery-animate avia-gallery-1'  itemprop=\"image\" itemscope=\"itemscope\" itemtype=\"https:\/\/schema.org\/ImageObject\" ><meta itemprop=\"contentURL\" content=\"https:\/\/www.jaeger-id.com\/de\/leistungen\/designmodellbau\/\"><div class='avia-gallery-thumb'><a href=\"https:\/\/www.jaeger-id.com\/files\/2015\/12\/designmodellbau-clay-01-1030x1030.jpg\" data-srcset=\"https:\/\/www.jaeger-id.com\/files\/2015\/12\/designmodellbau-clay-01-1030x1030.jpg 1030w, https:\/\/www.jaeger-id.com\/files\/2015\/12\/designmodellbau-clay-01-80x80.jpg 80w, https:\/\/www.jaeger-id.com\/files\/2015\/12\/designmodellbau-clay-01-300x300.jpg 300w, https:\/\/www.jaeger-id.com\/files\/2015\/12\/designmodellbau-clay-01-768x768.jpg 768w, https:\/\/www.jaeger-id.com\/files\/2015\/12\/designmodellbau-clay-01-36x36.jpg 36w, https:\/\/www.jaeger-id.com\/files\/2015\/12\/designmodellbau-clay-01-180x180.jpg 180w, https:\/\/www.jaeger-id.com\/files\/2015\/12\/designmodellbau-clay-01-705x705.jpg 705w, https:\/\/www.jaeger-id.com\/files\/2015\/12\/designmodellbau-clay-01-120x120.jpg 120w, https:\/\/www.jaeger-id.com\/files\/2015\/12\/designmodellbau-clay-01-450x450.jpg 450w, https:\/\/www.jaeger-id.com\/files\/2015\/12\/designmodellbau-clay-01.jpg 1440w\" data-sizes=\"(max-width: 1030px) 100vw, 1030px\" data-rel='gallery-1' data-prev-img='https:\/\/www.jaeger-id.com\/files\/2015\/12\/designmodellbau-clay-01-495x400.jpg' class='first_thumb lightbox ' data-onclick='1' title='designmodellbau-clay-01'  itemprop=\"thumbnailUrl\"  ><img decoding=\"async\" class=\"wp-image-1679 avia-img-lazy-loading-not-1679\"   src=\"https:\/\/www.jaeger-id.com\/files\/2015\/12\/designmodellbau-clay-01-495x400.jpg\" width=\"495\" height=\"400\"  title='designmodellbau-clay-01' alt='Designmodell aus Designer-Clay 02' srcset=\"https:\/\/www.jaeger-id.com\/files\/2015\/12\/designmodellbau-clay-01-495x400.jpg 495w, https:\/\/www.jaeger-id.com\/files\/2015\/12\/designmodellbau-clay-01-845x684.jpg 845w\" sizes=\"(max-width: 495px) 100vw, 495px\" \/><div class='big-prev-fake'><img loading=\"lazy\" decoding=\"async\" class=\"wp-image-1679 avia-img-lazy-loading-1679\"  width=\"495\" height=\"400\" src=\"https:\/\/www.jaeger-id.com\/files\/2015\/12\/designmodellbau-clay-01-495x400.jpg\" title='designmodellbau-clay-01' alt='Designmodell aus Designer-Clay 02' srcset=\"https:\/\/www.jaeger-id.com\/files\/2015\/12\/designmodellbau-clay-01-495x400.jpg 495w, https:\/\/www.jaeger-id.com\/files\/2015\/12\/designmodellbau-clay-01-845x684.jpg 845w\" sizes=\"(max-width: 495px) 100vw, 495px\" \/><\/div><\/a><a href=\"https:\/\/www.jaeger-id.com\/files\/2015\/12\/designmodellbau-clay-02-1030x1030.jpg\" data-srcset=\"https:\/\/www.jaeger-id.com\/files\/2015\/12\/designmodellbau-clay-02-1030x1030.jpg 1030w, https:\/\/www.jaeger-id.com\/files\/2015\/12\/designmodellbau-clay-02-80x80.jpg 80w, https:\/\/www.jaeger-id.com\/files\/2015\/12\/designmodellbau-clay-02-300x300.jpg 300w, https:\/\/www.jaeger-id.com\/files\/2015\/12\/designmodellbau-clay-02-768x767.jpg 768w, https:\/\/www.jaeger-id.com\/files\/2015\/12\/designmodellbau-clay-02-36x36.jpg 36w, https:\/\/www.jaeger-id.com\/files\/2015\/12\/designmodellbau-clay-02-180x180.jpg 180w, https:\/\/www.jaeger-id.com\/files\/2015\/12\/designmodellbau-clay-02-705x705.jpg 705w, https:\/\/www.jaeger-id.com\/files\/2015\/12\/designmodellbau-clay-02-120x120.jpg 120w, https:\/\/www.jaeger-id.com\/files\/2015\/12\/designmodellbau-clay-02-450x450.jpg 450w, https:\/\/www.jaeger-id.com\/files\/2015\/12\/designmodellbau-clay-02.jpg 1440w\" data-sizes=\"(max-width: 1030px) 100vw, 1030px\" data-rel='gallery-1' data-prev-img='https:\/\/www.jaeger-id.com\/files\/2015\/12\/designmodellbau-clay-02-495x400.jpg' class='first_thumb lightbox ' data-onclick='2' title='designmodellbau-clay-02'  itemprop=\"thumbnailUrl\"  ><img decoding=\"async\" class=\"wp-image-1680 avia-img-lazy-loading-not-1680\"   src=\"https:\/\/www.jaeger-id.com\/files\/2015\/12\/designmodellbau-clay-02-495x400.jpg\" width=\"495\" height=\"400\"  title='designmodellbau-clay-02' alt='Designmodell aus Designer-Clay' srcset=\"https:\/\/www.jaeger-id.com\/files\/2015\/12\/designmodellbau-clay-02-495x400.jpg 495w, https:\/\/www.jaeger-id.com\/files\/2015\/12\/designmodellbau-clay-02-845x684.jpg 845w\" sizes=\"(max-width: 495px) 100vw, 495px\" \/><div class='big-prev-fake'><img loading=\"lazy\" decoding=\"async\" class=\"wp-image-1680 avia-img-lazy-loading-1680\"  width=\"495\" height=\"400\" src=\"https:\/\/www.jaeger-id.com\/files\/2015\/12\/designmodellbau-clay-02-495x400.jpg\" title='designmodellbau-clay-02' alt='Designmodell aus Designer-Clay' srcset=\"https:\/\/www.jaeger-id.com\/files\/2015\/12\/designmodellbau-clay-02-495x400.jpg 495w, https:\/\/www.jaeger-id.com\/files\/2015\/12\/designmodellbau-clay-02-845x684.jpg 845w\" sizes=\"(max-width: 495px) 100vw, 495px\" \/><\/div><\/a><a href=\"https:\/\/www.jaeger-id.com\/files\/2015\/12\/designmodellbau-clay-03-1030x1030.jpg\" data-srcset=\"https:\/\/www.jaeger-id.com\/files\/2015\/12\/designmodellbau-clay-03-1030x1030.jpg 1030w, https:\/\/www.jaeger-id.com\/files\/2015\/12\/designmodellbau-clay-03-80x80.jpg 80w, https:\/\/www.jaeger-id.com\/files\/2015\/12\/designmodellbau-clay-03-300x300.jpg 300w, https:\/\/www.jaeger-id.com\/files\/2015\/12\/designmodellbau-clay-03-768x768.jpg 768w, https:\/\/www.jaeger-id.com\/files\/2015\/12\/designmodellbau-clay-03-36x36.jpg 36w, https:\/\/www.jaeger-id.com\/files\/2015\/12\/designmodellbau-clay-03-180x180.jpg 180w, https:\/\/www.jaeger-id.com\/files\/2015\/12\/designmodellbau-clay-03-705x705.jpg 705w, https:\/\/www.jaeger-id.com\/files\/2015\/12\/designmodellbau-clay-03-120x120.jpg 120w, https:\/\/www.jaeger-id.com\/files\/2015\/12\/designmodellbau-clay-03-450x450.jpg 450w, https:\/\/www.jaeger-id.com\/files\/2015\/12\/designmodellbau-clay-03.jpg 1440w\" data-sizes=\"(max-width: 1030px) 100vw, 1030px\" data-rel='gallery-1' data-prev-img='https:\/\/www.jaeger-id.com\/files\/2015\/12\/designmodellbau-clay-03-495x400.jpg' class='first_thumb lightbox ' data-onclick='3' title='designmodellbau-clay-03'  itemprop=\"thumbnailUrl\"  ><img decoding=\"async\" class=\"wp-image-1681 avia-img-lazy-loading-not-1681\"   src=\"https:\/\/www.jaeger-id.com\/files\/2015\/12\/designmodellbau-clay-03-495x400.jpg\" width=\"495\" height=\"400\"  title='designmodellbau-clay-03' alt='Claymodell 01' srcset=\"https:\/\/www.jaeger-id.com\/files\/2015\/12\/designmodellbau-clay-03-495x400.jpg 495w, https:\/\/www.jaeger-id.com\/files\/2015\/12\/designmodellbau-clay-03-845x684.jpg 845w\" sizes=\"(max-width: 495px) 100vw, 495px\" \/><div class='big-prev-fake'><img loading=\"lazy\" decoding=\"async\" class=\"wp-image-1681 avia-img-lazy-loading-1681\"  width=\"495\" height=\"400\" src=\"https:\/\/www.jaeger-id.com\/files\/2015\/12\/designmodellbau-clay-03-495x400.jpg\" title='designmodellbau-clay-03' alt='Claymodell 01' srcset=\"https:\/\/www.jaeger-id.com\/files\/2015\/12\/designmodellbau-clay-03-495x400.jpg 495w, https:\/\/www.jaeger-id.com\/files\/2015\/12\/designmodellbau-clay-03-845x684.jpg 845w\" sizes=\"(max-width: 495px) 100vw, 495px\" \/><\/div><\/a><\/div><\/div><\/div>\n","protected":false},"excerpt":{"rendered":"","protected":false},"author":644,"featured_media":263,"parent":343,"menu_order":0,"comment_status":"closed","ping_status":"closed","template":"","meta":{"footnotes":""},"yoast_head":"<!-- This site is optimized with the Yoast SEO plugin v22.0 - https:\/\/yoast.com\/wordpress\/plugins\/seo\/ -->\n<title>Designmodellbau und Prototypenbau | Modellbau in Magdeburg, Sachsen-Anhalt<\/title>\n<meta name=\"description\" content=\"Jaeger.ID bietet als Dienstleister im Bereich Designmodellbau die Erstellung von Prototypen und Modellen mittels Rapid Prototyping oder als Clay-Modelle an.\" \/>\n<meta name=\"robots\" content=\"index, follow, max-snippet:-1, max-image-preview:large, max-video-preview:-1\" \/>\n<link rel=\"canonical\" href=\"https:\/\/www.jaeger-id.com\/de\/leistungen\/designmodellbau\/\" \/>\n<meta property=\"og:locale\" content=\"de_DE\" \/>\n<meta property=\"og:type\" content=\"article\" \/>\n<meta property=\"og:title\" content=\"Designmodellbau und Prototypenbau | Modellbau in Magdeburg, Sachsen-Anhalt\" \/>\n<meta property=\"og:description\" content=\"Jaeger.ID bietet als Dienstleister im Bereich Designmodellbau die Erstellung von Prototypen und Modellen mittels Rapid Prototyping oder als Clay-Modelle an.\" \/>\n<meta property=\"og:url\" content=\"https:\/\/www.jaeger-id.com\/de\/leistungen\/designmodellbau\/\" \/>\n<meta property=\"og:site_name\" content=\"Jaeger.ID\" \/>\n<meta property=\"article:modified_time\" content=\"2023-09-25T12:55:27+00:00\" \/>\n<meta name=\"twitter:label1\" content=\"Gesch\u00e4tzte Lesezeit\" \/>\n\t<meta name=\"twitter:data1\" content=\"3\u00a0Minuten\" \/>\n<script type=\"application\/ld+json\" class=\"yoast-schema-graph\">{\"@context\":\"https:\/\/schema.org\",\"@graph\":[{\"@type\":\"WebPage\",\"@id\":\"https:\/\/www.jaeger-id.com\/de\/leistungen\/designmodellbau\/\",\"url\":\"https:\/\/www.jaeger-id.com\/de\/leistungen\/designmodellbau\/\",\"name\":\"Designmodellbau und Prototypenbau | Modellbau in Magdeburg, Sachsen-Anhalt\",\"isPartOf\":{\"@id\":\"https:\/\/www.jaeger-id.com\/#website\"},\"datePublished\":\"2011-12-09T11:50:03+00:00\",\"dateModified\":\"2023-09-25T12:55:27+00:00\",\"description\":\"Jaeger.ID bietet als Dienstleister im Bereich Designmodellbau die Erstellung von Prototypen und Modellen mittels Rapid Prototyping oder als Clay-Modelle an.\",\"breadcrumb\":{\"@id\":\"https:\/\/www.jaeger-id.com\/de\/leistungen\/designmodellbau\/#breadcrumb\"},\"inLanguage\":\"de\",\"potentialAction\":[{\"@type\":\"ReadAction\",\"target\":[\"https:\/\/www.jaeger-id.com\/de\/leistungen\/designmodellbau\/\"]}]},{\"@type\":\"BreadcrumbList\",\"@id\":\"https:\/\/www.jaeger-id.com\/de\/leistungen\/designmodellbau\/#breadcrumb\",\"itemListElement\":[{\"@type\":\"ListItem\",\"position\":1,\"name\":\"Home\",\"item\":\"https:\/\/www.jaeger-id.com\/de\/home\/\"},{\"@type\":\"ListItem\",\"position\":2,\"name\":\"Leistungen\",\"item\":\"https:\/\/www.jaeger-id.com\/de\/leistungen\/\"},{\"@type\":\"ListItem\",\"position\":3,\"name\":\"Designmodellbau\"}]},{\"@type\":\"WebSite\",\"@id\":\"https:\/\/www.jaeger-id.com\/#website\",\"url\":\"https:\/\/www.jaeger-id.com\/\",\"name\":\"Jaeger.ID\",\"description\":\"Industrial Design Studio\",\"potentialAction\":[{\"@type\":\"SearchAction\",\"target\":{\"@type\":\"EntryPoint\",\"urlTemplate\":\"https:\/\/www.jaeger-id.com\/?s={search_term_string}\"},\"query-input\":\"required name=search_term_string\"}],\"inLanguage\":\"de\"}]}<\/script>\n<!-- \/ Yoast SEO plugin. -->","yoast_head_json":{"title":"Designmodellbau und Prototypenbau | Modellbau in Magdeburg, Sachsen-Anhalt","description":"Jaeger.ID bietet als Dienstleister im Bereich Designmodellbau die Erstellung von Prototypen und Modellen mittels Rapid Prototyping oder als Clay-Modelle an.","robots":{"index":"index","follow":"follow","max-snippet":"max-snippet:-1","max-image-preview":"max-image-preview:large","max-video-preview":"max-video-preview:-1"},"canonical":"https:\/\/www.jaeger-id.com\/de\/leistungen\/designmodellbau\/","og_locale":"de_DE","og_type":"article","og_title":"Designmodellbau und Prototypenbau | Modellbau in Magdeburg, Sachsen-Anhalt","og_description":"Jaeger.ID bietet als Dienstleister im Bereich Designmodellbau die Erstellung von Prototypen und Modellen mittels Rapid Prototyping oder als Clay-Modelle an.","og_url":"https:\/\/www.jaeger-id.com\/de\/leistungen\/designmodellbau\/","og_site_name":"Jaeger.ID","article_modified_time":"2023-09-25T12:55:27+00:00","twitter_misc":{"Gesch\u00e4tzte Lesezeit":"3\u00a0Minuten"},"schema":{"@context":"https:\/\/schema.org","@graph":[{"@type":"WebPage","@id":"https:\/\/www.jaeger-id.com\/de\/leistungen\/designmodellbau\/","url":"https:\/\/www.jaeger-id.com\/de\/leistungen\/designmodellbau\/","name":"Designmodellbau und Prototypenbau | Modellbau in Magdeburg, Sachsen-Anhalt","isPartOf":{"@id":"https:\/\/www.jaeger-id.com\/#website"},"datePublished":"2011-12-09T11:50:03+00:00","dateModified":"2023-09-25T12:55:27+00:00","description":"Jaeger.ID bietet als Dienstleister im Bereich Designmodellbau die Erstellung von Prototypen und Modellen mittels Rapid Prototyping oder als Clay-Modelle an.","breadcrumb":{"@id":"https:\/\/www.jaeger-id.com\/de\/leistungen\/designmodellbau\/#breadcrumb"},"inLanguage":"de","potentialAction":[{"@type":"ReadAction","target":["https:\/\/www.jaeger-id.com\/de\/leistungen\/designmodellbau\/"]}]},{"@type":"BreadcrumbList","@id":"https:\/\/www.jaeger-id.com\/de\/leistungen\/designmodellbau\/#breadcrumb","itemListElement":[{"@type":"ListItem","position":1,"name":"Home","item":"https:\/\/www.jaeger-id.com\/de\/home\/"},{"@type":"ListItem","position":2,"name":"Leistungen","item":"https:\/\/www.jaeger-id.com\/de\/leistungen\/"},{"@type":"ListItem","position":3,"name":"Designmodellbau"}]},{"@type":"WebSite","@id":"https:\/\/www.jaeger-id.com\/#website","url":"https:\/\/www.jaeger-id.com\/","name":"Jaeger.ID","description":"Industrial Design Studio","potentialAction":[{"@type":"SearchAction","target":{"@type":"EntryPoint","urlTemplate":"https:\/\/www.jaeger-id.com\/?s={search_term_string}"},"query-input":"required name=search_term_string"}],"inLanguage":"de"}]}},"amp_enabled":true,"_links":{"self":[{"href":"https:\/\/www.jaeger-id.com\/de\/wp-json\/wp\/v2\/pages\/163"}],"collection":[{"href":"https:\/\/www.jaeger-id.com\/de\/wp-json\/wp\/v2\/pages"}],"about":[{"href":"https:\/\/www.jaeger-id.com\/de\/wp-json\/wp\/v2\/types\/page"}],"author":[{"embeddable":true,"href":"https:\/\/www.jaeger-id.com\/de\/wp-json\/wp\/v2\/users\/644"}],"replies":[{"embeddable":true,"href":"https:\/\/www.jaeger-id.com\/de\/wp-json\/wp\/v2\/comments?post=163"}],"version-history":[{"count":5,"href":"https:\/\/www.jaeger-id.com\/de\/wp-json\/wp\/v2\/pages\/163\/revisions"}],"predecessor-version":[{"id":3601,"href":"https:\/\/www.jaeger-id.com\/de\/wp-json\/wp\/v2\/pages\/163\/revisions\/3601"}],"up":[{"embeddable":true,"href":"https:\/\/www.jaeger-id.com\/de\/wp-json\/wp\/v2\/pages\/343"}],"wp:featuredmedia":[{"embeddable":true,"href":"https:\/\/www.jaeger-id.com\/de\/wp-json\/"}],"wp:attachment":[{"href":"https:\/\/www.jaeger-id.com\/de\/wp-json\/wp\/v2\/media?parent=163"}],"curies":[{"name":"wp","href":"https:\/\/api.w.org\/{rel}","templated":true}]}}