{"id":2344,"date":"2017-05-14T20:21:01","date_gmt":"2017-05-14T20:21:01","guid":{"rendered":"https:\/\/www.jaeger-id.com\/de\/?page_id=2344"},"modified":"2017-06-01T14:57:04","modified_gmt":"2017-06-01T14:57:04","slug":"erstellung-von-3d-druck-daten","status":"publish","type":"page","link":"https:\/\/www.jaeger-id.com\/de\/leistungen\/erstellung-von-3d-druck-daten\/","title":{"rendered":"Erstellung von 3D-Druck-Daten"},"content":{"rendered":"\n<style type=\"text\/css\" data-created_by=\"avia_inline_auto\" id=\"style-css-av-av_three_fifth-6126cab7d8fab8d08143dd2dacdf673c\">\n.flex_column.av-av_three_fifth-6126cab7d8fab8d08143dd2dacdf673c{\nborder-radius:0px 0px 0px 0px;\npadding:0px 0px 0px 0px;\n}\n<\/style>\n<div  class='flex_column av-av_three_fifth-6126cab7d8fab8d08143dd2dacdf673c av_three_fifth  avia-builder-el-0  el_before_av_two_fifth  avia-builder-el-first  first flex_column_div av-zero-column-padding  '     ><section  class='av_textblock_section av-av_textblock-0366cc7376be6c9e82a3e9cc8987b64f '   itemscope=\"itemscope\" itemtype=\"https:\/\/schema.org\/CreativeWork\" ><div class='avia_textblock'  itemprop=\"text\" ><p>Das Thema <strong>3D-Druck<\/strong> ist in aller Munde. In vielen Medien werden erstaunliche Ergebnisse pr\u00e4sentiert, die Neugier auf die M\u00f6glichkeiten, und diese selbst nutzen zu wollen, steigt. Gerade wenn man selbst eigene Produktideen auf ihre Machbarkeit testen, oder einen Prototypen erstellen m\u00f6chte, lassen sich mittels 3D-Druck hervorragend schnelle und direkt nutzbare Ergebnisse erzielen.<\/p>\n<h3>Daten f\u00fcr den 3D-Druck erzeugen<\/h3>\n<p>Ein Problem, mit dem sich der interessierte Fachmann oder auch Laie allerdings konfrontiert sieht: Woher bekommt man brauchbare Dateien, die als Grundlage f\u00fcr den 3D-Druck dienen k\u00f6nnen? Im Gegensatz zur Nutzung eines 2D-Druckers, zum Beispiel dem heimischen Tintenstrahler, sind die Zugrunde liegenden Dateien deutlich komplexer. Wenn Sie nicht durch einen 3D-Scan erzeugt werden oder aus einer bestehenden Teile-Bibliothek stammen, m\u00fcssen diese manuell erstellt werden.<\/p>\n<h3>Wie funktioniert das?<\/h3>\n<p>Im Prinzip gibt es die ben\u00f6tigte Software daf\u00fcr schon einige Jahrzehnte und in einer gro\u00dfen Bandbreite. Das Spektrum reicht von frei verf\u00fcgbaren Programmen wie <a href=\"https:\/\/www.sketchup.com\/de\">Sketchup<\/a> oder <a href=\"https:\/\/www.blender.org\/\">Blender<\/a> bis zu Softwarepaketen zum Preis eines Mittelklassewagens. Letztere sind nat\u00fcrlich nur f\u00fcr den professionell Einsatz sinnvoll. Auch freie Programme bieten im Prinzip alle M\u00f6glichkeiten, Daten zu erzeugen die beim 3D-Druck einwandfreie Ergebnisse hervorbringen. Das einzige Hindernis dabei: die Funktionen dieser Programme m\u00fcssen erstmal beherrscht werden, um ein brauchbares 3D-Modell im Computer zu erstellen. Wenn man Zeit und Mu\u00dfe hat, kann man sich durch diverse Tutorials arbeiten, und lernen, lernen, lernen. Wenn man diese nicht hat, hilft oft nur ein externer Dienstleister weiter. Da die Erstellung von Designmodellen mittels 3D-Druck ein wichtiger Bestandteil im Produktdesign ist, biete ich diese Leistung auch f\u00fcr den externen Bedarf an. Wenn Sie ein speziell f\u00fcr Ihre Anforderungen erstelltes 3D-Modell ben\u00f6tigen, nehmen Sie Kontakt auf.<\/p>\n<\/div><\/section><\/div>\n\n<style type=\"text\/css\" data-created_by=\"avia_inline_auto\" id=\"style-css-av-av_two_fifth-0aa7055fe62c3622faec82866afbaeb2\">\n.flex_column.av-av_two_fifth-0aa7055fe62c3622faec82866afbaeb2{\nborder-radius:0px 0px 0px 0px;\npadding:0px 0px 0px 0px;\n}\n<\/style>\n<div  class='flex_column av-av_two_fifth-0aa7055fe62c3622faec82866afbaeb2 av_two_fifth  avia-builder-el-2  el_after_av_three_fifth  avia-builder-el-last  flex_column_div av-zero-column-padding  '     ><p>\n<style type=\"text\/css\" data-created_by=\"avia_inline_auto\" id=\"style-css-av-av_image-881a2aa558c004d50e4bbb10946b6451\">\n.avia-image-container.av-av_image-881a2aa558c004d50e4bbb10946b6451 img.avia_image{\nbox-shadow:none;\n}\n.avia-image-container.av-av_image-881a2aa558c004d50e4bbb10946b6451 .av-caption-image-overlay-bg{\nopacity:0.8;\nbackground-color:#000000;\n}\n.avia-image-container.av-av_image-881a2aa558c004d50e4bbb10946b6451 .av-image-caption-overlay-center{\ncolor:#ffffff;\n}\n<\/style>\n<div  class='avia-image-container av-av_image-881a2aa558c004d50e4bbb10946b6451 av-styling- avia-align-center  avia-builder-el-3  el_before_av_image  avia-builder-el-first  noHover av-overlay-on-hover'   itemprop=\"image\" itemscope=\"itemscope\" itemtype=\"https:\/\/schema.org\/ImageObject\" ><div class=\"avia-image-container-inner\"><div class=\"avia-image-overlay-wrap\"><a href=\"https:\/\/www.jaeger-id.com\/files\/2017\/05\/3d-druck-urmodelle-01-1030x773.jpg\" data-srcset=\"https:\/\/www.jaeger-id.com\/files\/2017\/05\/3d-druck-urmodelle-01-1030x773.jpg 1030w, https:\/\/www.jaeger-id.com\/files\/2017\/05\/3d-druck-urmodelle-01-300x225.jpg 300w, https:\/\/www.jaeger-id.com\/files\/2017\/05\/3d-druck-urmodelle-01-768x576.jpg 768w, https:\/\/www.jaeger-id.com\/files\/2017\/05\/3d-druck-urmodelle-01-1500x1125.jpg 1500w, https:\/\/www.jaeger-id.com\/files\/2017\/05\/3d-druck-urmodelle-01-705x529.jpg 705w, https:\/\/www.jaeger-id.com\/files\/2017\/05\/3d-druck-urmodelle-01-450x338.jpg 450w, https:\/\/www.jaeger-id.com\/files\/2017\/05\/3d-druck-urmodelle-01.jpg 1600w\" data-sizes=\"(max-width: 1030px) 100vw, 1030px\" class='avia_image'  aria-label='3D-Druck Urmodelle'><div class=\"av-image-caption-overlay\"><div class=\"av-caption-image-overlay-bg\"><\/div><div class=\"av-image-caption-overlay-position\"><div class=\"av-image-caption-overlay-center\"><p>F\u00fcr eine Serie von Angelk\u00f6dern wurden Urmodelle per 3D-Druck angefertigt. Die digitale Modellierung der 3D-Daten erfolgte prim\u00e4r mit der Software T-Splines.<\/p>\n<\/div><\/div><\/div><img decoding=\"async\" class='wp-image-2359 avia-img-lazy-loading-not-2359 avia_image ' src=\"https:\/\/www.jaeger-id.com\/files\/2017\/05\/3d-druck-urmodelle-01.jpg\" alt='F\u00fcr eine Serie von Angelk\u00f6dern wurden Urmodelle per 3D-Druck angefertigt. Die digitale Modellierung der 3D-Daten erfolgte prim\u00e4r mit der Software T-Splines.' title='3D-Druck Urmodelle'  height=\"1200\" width=\"1600\"  itemprop=\"thumbnailUrl\" srcset=\"https:\/\/www.jaeger-id.com\/files\/2017\/05\/3d-druck-urmodelle-01.jpg 1600w, https:\/\/www.jaeger-id.com\/files\/2017\/05\/3d-druck-urmodelle-01-300x225.jpg 300w, https:\/\/www.jaeger-id.com\/files\/2017\/05\/3d-druck-urmodelle-01-768x576.jpg 768w, https:\/\/www.jaeger-id.com\/files\/2017\/05\/3d-druck-urmodelle-01-1030x773.jpg 1030w, https:\/\/www.jaeger-id.com\/files\/2017\/05\/3d-druck-urmodelle-01-1500x1125.jpg 1500w, https:\/\/www.jaeger-id.com\/files\/2017\/05\/3d-druck-urmodelle-01-705x529.jpg 705w, https:\/\/www.jaeger-id.com\/files\/2017\/05\/3d-druck-urmodelle-01-450x338.jpg 450w\" sizes=\"(max-width: 1600px) 100vw, 1600px\" \/><\/a><\/div><\/div><\/div><br \/>\n\n<style type=\"text\/css\" data-created_by=\"avia_inline_auto\" id=\"style-css-av-av_image-aa8599996a116a7778471e0f2e2ce3c4\">\n.avia-image-container.av-av_image-aa8599996a116a7778471e0f2e2ce3c4 img.avia_image{\nbox-shadow:none;\n}\n.avia-image-container.av-av_image-aa8599996a116a7778471e0f2e2ce3c4 .av-caption-image-overlay-bg{\nopacity:0.8;\nbackground-color:#000000;\n}\n.avia-image-container.av-av_image-aa8599996a116a7778471e0f2e2ce3c4 .av-image-caption-overlay-center{\ncolor:#ffffff;\n}\n<\/style>\n<div  class='avia-image-container av-av_image-aa8599996a116a7778471e0f2e2ce3c4 av-styling- avia-align-center  avia-builder-el-4  el_after_av_image  avia-builder-el-last  noHover av-overlay-on-hover'   itemprop=\"image\" itemscope=\"itemscope\" itemtype=\"https:\/\/schema.org\/ImageObject\" ><div class=\"avia-image-container-inner\"><div class=\"avia-image-overlay-wrap\"><a href=\"https:\/\/www.jaeger-id.com\/files\/2017\/05\/3d-druck-02-1030x773.jpg\" data-srcset=\"https:\/\/www.jaeger-id.com\/files\/2017\/05\/3d-druck-02-1030x773.jpg 1030w, https:\/\/www.jaeger-id.com\/files\/2017\/05\/3d-druck-02-300x225.jpg 300w, https:\/\/www.jaeger-id.com\/files\/2017\/05\/3d-druck-02-768x576.jpg 768w, https:\/\/www.jaeger-id.com\/files\/2017\/05\/3d-druck-02-1500x1125.jpg 1500w, https:\/\/www.jaeger-id.com\/files\/2017\/05\/3d-druck-02-705x529.jpg 705w, https:\/\/www.jaeger-id.com\/files\/2017\/05\/3d-druck-02-450x338.jpg 450w, https:\/\/www.jaeger-id.com\/files\/2017\/05\/3d-druck-02.jpg 1600w\" data-sizes=\"(max-width: 1030px) 100vw, 1030px\" class='avia_image'  aria-label='3d-druck-02'><div class=\"av-image-caption-overlay\"><div class=\"av-caption-image-overlay-bg\"><\/div><div class=\"av-image-caption-overlay-position\"><div class=\"av-image-caption-overlay-center\"><p>Ein per 3D-Druck hergestelltes Geh\u00e4usemodell. Auf der linken Seite sind die erstellten 3D-Daten zu sehen, rechts oben das fertiggestellte Modell inklusive Lackierung.<\/p>\n<\/div><\/div><\/div><img decoding=\"async\" class='wp-image-2402 avia-img-lazy-loading-not-2402 avia_image ' src=\"https:\/\/www.jaeger-id.com\/files\/2017\/05\/3d-druck-02.jpg\" alt='Ein per 3D-Druck hergestelltes Geh\u00e4usemodell. Auf der linken Seite sind die erstellten 3D-Daten zu sehen, rechts oben das fertiggestellte Modell inklusive Lackierung.' title='3d-druck-02'  height=\"1200\" width=\"1600\"  itemprop=\"thumbnailUrl\" srcset=\"https:\/\/www.jaeger-id.com\/files\/2017\/05\/3d-druck-02.jpg 1600w, https:\/\/www.jaeger-id.com\/files\/2017\/05\/3d-druck-02-300x225.jpg 300w, https:\/\/www.jaeger-id.com\/files\/2017\/05\/3d-druck-02-768x576.jpg 768w, https:\/\/www.jaeger-id.com\/files\/2017\/05\/3d-druck-02-1030x773.jpg 1030w, https:\/\/www.jaeger-id.com\/files\/2017\/05\/3d-druck-02-1500x1125.jpg 1500w, https:\/\/www.jaeger-id.com\/files\/2017\/05\/3d-druck-02-705x529.jpg 705w, https:\/\/www.jaeger-id.com\/files\/2017\/05\/3d-druck-02-450x338.jpg 450w\" sizes=\"(max-width: 1600px) 100vw, 1600px\" \/><\/a><\/div><\/div><\/div><\/p><\/div>\n","protected":false},"excerpt":{"rendered":"","protected":false},"author":644,"featured_media":0,"parent":343,"menu_order":0,"comment_status":"closed","ping_status":"closed","template":"","meta":{"footnotes":""},"yoast_head":"<!-- This site is optimized with the Yoast SEO plugin v22.0 - https:\/\/yoast.com\/wordpress\/plugins\/seo\/ -->\n<title>Wir erstellen Daten f\u00fcr den 3D-Druck als STL, OBJ und STEP | Jaeger.ID<\/title>\n<meta name=\"description\" content=\"Jaeger.ID bietet als Dienstleister die Erstellung individueller, f\u00fcr den 3D-Druck geeigneter Datens\u00e4tze an. Als Datenformate eignen sich STL, OBJ und STEP.\" \/>\n<meta name=\"robots\" content=\"index, follow, max-snippet:-1, max-image-preview:large, max-video-preview:-1\" \/>\n<link rel=\"canonical\" href=\"https:\/\/www.jaeger-id.com\/de\/leistungen\/erstellung-von-3d-druck-daten\/\" \/>\n<meta property=\"og:locale\" content=\"de_DE\" \/>\n<meta property=\"og:type\" content=\"article\" \/>\n<meta property=\"og:title\" content=\"Wir erstellen Daten f\u00fcr den 3D-Druck als STL, OBJ und STEP | Jaeger.ID\" \/>\n<meta property=\"og:description\" content=\"Jaeger.ID bietet als Dienstleister die Erstellung individueller, f\u00fcr den 3D-Druck geeigneter Datens\u00e4tze an. Als Datenformate eignen sich STL, OBJ und STEP.\" \/>\n<meta property=\"og:url\" content=\"https:\/\/www.jaeger-id.com\/de\/leistungen\/erstellung-von-3d-druck-daten\/\" \/>\n<meta property=\"og:site_name\" content=\"Jaeger.ID\" \/>\n<meta property=\"article:modified_time\" content=\"2017-06-01T14:57:04+00:00\" \/>\n<meta name=\"twitter:label1\" content=\"Gesch\u00e4tzte Lesezeit\" \/>\n\t<meta name=\"twitter:data1\" content=\"3\u00a0Minuten\" \/>\n<script type=\"application\/ld+json\" class=\"yoast-schema-graph\">{\"@context\":\"https:\/\/schema.org\",\"@graph\":[{\"@type\":\"WebPage\",\"@id\":\"https:\/\/www.jaeger-id.com\/de\/leistungen\/erstellung-von-3d-druck-daten\/\",\"url\":\"https:\/\/www.jaeger-id.com\/de\/leistungen\/erstellung-von-3d-druck-daten\/\",\"name\":\"Wir erstellen Daten f\u00fcr den 3D-Druck als STL, OBJ und STEP | Jaeger.ID\",\"isPartOf\":{\"@id\":\"https:\/\/www.jaeger-id.com\/#website\"},\"datePublished\":\"2017-05-14T20:21:01+00:00\",\"dateModified\":\"2017-06-01T14:57:04+00:00\",\"description\":\"Jaeger.ID bietet als Dienstleister die Erstellung individueller, f\u00fcr den 3D-Druck geeigneter Datens\u00e4tze an. Als Datenformate eignen sich STL, OBJ und STEP.\",\"breadcrumb\":{\"@id\":\"https:\/\/www.jaeger-id.com\/de\/leistungen\/erstellung-von-3d-druck-daten\/#breadcrumb\"},\"inLanguage\":\"de\",\"potentialAction\":[{\"@type\":\"ReadAction\",\"target\":[\"https:\/\/www.jaeger-id.com\/de\/leistungen\/erstellung-von-3d-druck-daten\/\"]}]},{\"@type\":\"BreadcrumbList\",\"@id\":\"https:\/\/www.jaeger-id.com\/de\/leistungen\/erstellung-von-3d-druck-daten\/#breadcrumb\",\"itemListElement\":[{\"@type\":\"ListItem\",\"position\":1,\"name\":\"Home\",\"item\":\"https:\/\/www.jaeger-id.com\/de\/home\/\"},{\"@type\":\"ListItem\",\"position\":2,\"name\":\"Leistungen\",\"item\":\"https:\/\/www.jaeger-id.com\/de\/leistungen\/\"},{\"@type\":\"ListItem\",\"position\":3,\"name\":\"Erstellung von 3D-Druck-Daten\"}]},{\"@type\":\"WebSite\",\"@id\":\"https:\/\/www.jaeger-id.com\/#website\",\"url\":\"https:\/\/www.jaeger-id.com\/\",\"name\":\"Jaeger.ID\",\"description\":\"Industrial Design Studio\",\"potentialAction\":[{\"@type\":\"SearchAction\",\"target\":{\"@type\":\"EntryPoint\",\"urlTemplate\":\"https:\/\/www.jaeger-id.com\/?s={search_term_string}\"},\"query-input\":\"required name=search_term_string\"}],\"inLanguage\":\"de\"}]}<\/script>\n<!-- \/ Yoast SEO plugin. -->","yoast_head_json":{"title":"Wir erstellen Daten f\u00fcr den 3D-Druck als STL, OBJ und STEP | Jaeger.ID","description":"Jaeger.ID bietet als Dienstleister die Erstellung individueller, f\u00fcr den 3D-Druck geeigneter Datens\u00e4tze an. Als Datenformate eignen sich STL, OBJ und STEP.","robots":{"index":"index","follow":"follow","max-snippet":"max-snippet:-1","max-image-preview":"max-image-preview:large","max-video-preview":"max-video-preview:-1"},"canonical":"https:\/\/www.jaeger-id.com\/de\/leistungen\/erstellung-von-3d-druck-daten\/","og_locale":"de_DE","og_type":"article","og_title":"Wir erstellen Daten f\u00fcr den 3D-Druck als STL, OBJ und STEP | Jaeger.ID","og_description":"Jaeger.ID bietet als Dienstleister die Erstellung individueller, f\u00fcr den 3D-Druck geeigneter Datens\u00e4tze an. Als Datenformate eignen sich STL, OBJ und STEP.","og_url":"https:\/\/www.jaeger-id.com\/de\/leistungen\/erstellung-von-3d-druck-daten\/","og_site_name":"Jaeger.ID","article_modified_time":"2017-06-01T14:57:04+00:00","twitter_misc":{"Gesch\u00e4tzte Lesezeit":"3\u00a0Minuten"},"schema":{"@context":"https:\/\/schema.org","@graph":[{"@type":"WebPage","@id":"https:\/\/www.jaeger-id.com\/de\/leistungen\/erstellung-von-3d-druck-daten\/","url":"https:\/\/www.jaeger-id.com\/de\/leistungen\/erstellung-von-3d-druck-daten\/","name":"Wir erstellen Daten f\u00fcr den 3D-Druck als STL, OBJ und STEP | Jaeger.ID","isPartOf":{"@id":"https:\/\/www.jaeger-id.com\/#website"},"datePublished":"2017-05-14T20:21:01+00:00","dateModified":"2017-06-01T14:57:04+00:00","description":"Jaeger.ID bietet als Dienstleister die Erstellung individueller, f\u00fcr den 3D-Druck geeigneter Datens\u00e4tze an. Als Datenformate eignen sich STL, OBJ und STEP.","breadcrumb":{"@id":"https:\/\/www.jaeger-id.com\/de\/leistungen\/erstellung-von-3d-druck-daten\/#breadcrumb"},"inLanguage":"de","potentialAction":[{"@type":"ReadAction","target":["https:\/\/www.jaeger-id.com\/de\/leistungen\/erstellung-von-3d-druck-daten\/"]}]},{"@type":"BreadcrumbList","@id":"https:\/\/www.jaeger-id.com\/de\/leistungen\/erstellung-von-3d-druck-daten\/#breadcrumb","itemListElement":[{"@type":"ListItem","position":1,"name":"Home","item":"https:\/\/www.jaeger-id.com\/de\/home\/"},{"@type":"ListItem","position":2,"name":"Leistungen","item":"https:\/\/www.jaeger-id.com\/de\/leistungen\/"},{"@type":"ListItem","position":3,"name":"Erstellung von 3D-Druck-Daten"}]},{"@type":"WebSite","@id":"https:\/\/www.jaeger-id.com\/#website","url":"https:\/\/www.jaeger-id.com\/","name":"Jaeger.ID","description":"Industrial Design Studio","potentialAction":[{"@type":"SearchAction","target":{"@type":"EntryPoint","urlTemplate":"https:\/\/www.jaeger-id.com\/?s={search_term_string}"},"query-input":"required name=search_term_string"}],"inLanguage":"de"}]}},"amp_enabled":true,"_links":{"self":[{"href":"https:\/\/www.jaeger-id.com\/de\/wp-json\/wp\/v2\/pages\/2344"}],"collection":[{"href":"https:\/\/www.jaeger-id.com\/de\/wp-json\/wp\/v2\/pages"}],"about":[{"href":"https:\/\/www.jaeger-id.com\/de\/wp-json\/wp\/v2\/types\/page"}],"author":[{"embeddable":true,"href":"https:\/\/www.jaeger-id.com\/de\/wp-json\/wp\/v2\/users\/644"}],"replies":[{"embeddable":true,"href":"https:\/\/www.jaeger-id.com\/de\/wp-json\/wp\/v2\/comments?post=2344"}],"version-history":[{"count":17,"href":"https:\/\/www.jaeger-id.com\/de\/wp-json\/wp\/v2\/pages\/2344\/revisions"}],"predecessor-version":[{"id":2398,"href":"https:\/\/www.jaeger-id.com\/de\/wp-json\/wp\/v2\/pages\/2344\/revisions\/2398"}],"up":[{"embeddable":true,"href":"https:\/\/www.jaeger-id.com\/de\/wp-json\/wp\/v2\/pages\/343"}],"wp:attachment":[{"href":"https:\/\/www.jaeger-id.com\/de\/wp-json\/wp\/v2\/media?parent=2344"}],"curies":[{"name":"wp","href":"https:\/\/api.w.org\/{rel}","templated":true}]}}