{"id":328,"date":"2011-12-02T17:57:10","date_gmt":"2011-12-02T17:57:10","guid":{"rendered":"https:\/\/www.jaeger-id.com\/de\/?page_id=15"},"modified":"2024-11-29T09:51:48","modified_gmt":"2024-11-29T09:51:48","slug":"kontakt","status":"publish","type":"page","link":"https:\/\/www.jaeger-id.com\/de\/kontakt\/","title":{"rendered":"Kontakt"},"content":{"rendered":"\n<style type=\"text\/css\" data-created_by=\"avia_inline_auto\" id=\"style-css-av-lmyw7eky-5683061fbe2f4ff07336bdf6ffe33459\">\n.avia-section.av-lmyw7eky-5683061fbe2f4ff07336bdf6ffe33459{\nbackground-repeat:no-repeat;\nbackground-image:url(https:\/\/www.jaeger-id.com\/files\/leistungen\/img-5683-sw.jpg);\nbackground-position:50% 0%;\nbackground-attachment:fixed;\n}\n<\/style>\n<div id='av_section_1'  class='avia-section av-lmyw7eky-5683061fbe2f4ff07336bdf6ffe33459 main_color avia-section-default avia-no-border-styling  avia-builder-el-0  avia-builder-el-no-sibling  avia-full-contain avia-bg-style-fixed container_wrap fullsize'  data-section-bg-repeat='contain'><div class='container av-section-cont-open' ><main  role=\"main\" itemprop=\"mainContentOfPage\"  class='template-page content  av-content-full alpha units'><div class='post-entry post-entry-type-page post-entry-328'><div class='entry-content-wrapper clearfix'>\n\n<style type=\"text\/css\" data-created_by=\"avia_inline_auto\" id=\"style-css-av-lmyw8bpf-f9733faa76c535547f3b247f285b1d82\">\n.flex_column.av-lmyw8bpf-f9733faa76c535547f3b247f285b1d82{\nborder-radius:0px 0px 0px 0px;\npadding:20px 20px 20px 20px;\nbackground-color:#ffffff;\n}\n<\/style>\n<div  class='flex_column av-lmyw8bpf-f9733faa76c535547f3b247f285b1d82 av_one_third  avia-builder-el-1  el_before_av_one_third  avia-builder-el-first  first flex_column_div  '     ><section  class='av_textblock_section av-1n3sk8-82aaf4d23146250bed2bfcd489e4ed64 '   itemscope=\"itemscope\" itemtype=\"https:\/\/schema.org\/CreativeWork\" ><div class='avia_textblock'  itemprop=\"text\" ><p style=\"text-align: justify;\"><strong>Jaeger.ID<\/strong> ist deutschlandweit f\u00fcr Kunden verschiedenster Branchen t\u00e4tig.<br \/>\nWenn Sie Interesse an den angebotenen Leistungen haben, rufen Sie an, schreiben eine Mail oder nutzen das Formular f\u00fcr eine Kontaktaufnahme.<br \/>\nGerne erstelle ich Ihnen ein Angebot oder berate Sie unverbindlich \u00fcber M\u00f6glichkeiten der Zusammenarbeit.<br \/>\nIch freue mich \u00fcber eine Kontaktaufnahme.<\/p>\n<\/div><\/section><\/div>\n<style type=\"text\/css\" data-created_by=\"avia_inline_auto\" id=\"style-css-av-lmyw8oqh-8f57050097fcf79b392bfe1942a8cd48\">\n.flex_column.av-lmyw8oqh-8f57050097fcf79b392bfe1942a8cd48{\nborder-radius:0px 0px 0px 0px;\npadding:15px 15px 15px 15px;\nbackground-color:#ffffff;\n}\n<\/style>\n<div  class='flex_column av-lmyw8oqh-8f57050097fcf79b392bfe1942a8cd48 av_one_third  avia-builder-el-3  el_after_av_one_third  el_before_av_one_third  flex_column_div  '     ><p>\n<style type=\"text\/css\" data-created_by=\"avia_inline_auto\" id=\"style-css-av-1d07ts-a5cd7b6e7aa1b688efc5c8a76d825728\">\n#top #wrap_all .iconbox.av-1d07ts-a5cd7b6e7aa1b688efc5c8a76d825728 .iconbox_content_title{\ncolor:#333333;\n}\n<\/style>\n<article  class='iconbox iconbox_left av-1d07ts-a5cd7b6e7aa1b688efc5c8a76d825728  avia-builder-el-4  el_before_av_icon_box  avia-builder-el-first '  itemscope=\"itemscope\" itemtype=\"https:\/\/schema.org\/CreativeWork\" ><div class=\"iconbox_content\"><header class=\"entry-content-header\"><div class=\"iconbox_icon heading-color\" aria-hidden='true' data-av_icon='\ue854' data-av_iconfont='entypo-fontello'><\/div><h3 class='iconbox_content_title '  itemprop=\"headline\" >0391 \/ 744 77 834<\/h3><\/header><div class='iconbox_content_container '  itemprop=\"text\" ><\/div><\/div><footer class=\"entry-footer\"><\/footer><\/article><br \/>\n\n<style type=\"text\/css\" data-created_by=\"avia_inline_auto\" id=\"style-css-av-18ap7c-f269025cfd0b658c089e0155842a0370\">\n#top #wrap_all .iconbox.av-18ap7c-f269025cfd0b658c089e0155842a0370 .iconbox_content_title{\ncolor:#333333;\n}\n<\/style>\n<article  class='iconbox iconbox_left av-18ap7c-f269025cfd0b658c089e0155842a0370  avia-builder-el-5  el_after_av_icon_box  el_before_av_icon_box '  itemscope=\"itemscope\" itemtype=\"https:\/\/schema.org\/CreativeWork\" ><div class=\"iconbox_content\"><header class=\"entry-content-header\"><div class=\"iconbox_icon heading-color\" aria-hidden='true' data-av_icon='\ue838' data-av_iconfont='entypo-fontello'><\/div><h3 class='iconbox_content_title '  itemprop=\"headline\" >0391 \/ 744 77 835<\/h3><\/header><div class='iconbox_content_container '  itemprop=\"text\" ><\/div><\/div><footer class=\"entry-footer\"><\/footer><\/article><br \/>\n\n<style type=\"text\/css\" data-created_by=\"avia_inline_auto\" id=\"style-css-av-159sog-2546d92b85ef10fa2773a46078222186\">\n#top #wrap_all .iconbox.av-159sog-2546d92b85ef10fa2773a46078222186 .iconbox_content_title{\ncolor:#333333;\n}\n<\/style>\n<article  class='iconbox iconbox_left av-159sog-2546d92b85ef10fa2773a46078222186  avia-builder-el-6  el_after_av_icon_box  el_before_av_icon_box '  itemscope=\"itemscope\" itemtype=\"https:\/\/schema.org\/CreativeWork\" ><div class=\"iconbox_content\"><header class=\"entry-content-header\"><div class=\"iconbox_icon heading-color\" aria-hidden='true' data-av_icon='\ue8ac' data-av_iconfont='entypo-fontello'><\/div><h3 class='iconbox_content_title '  itemprop=\"headline\" >0172 \/ 385 9 463<\/h3><\/header><div class='iconbox_content_container '  itemprop=\"text\" ><\/div><\/div><footer class=\"entry-footer\"><\/footer><\/article><br \/>\n\n<style type=\"text\/css\" data-created_by=\"avia_inline_auto\" id=\"style-css-av-wx65c-7e41bd1f749de574571f8e59a4649c15\">\n#top #wrap_all .iconbox.av-wx65c-7e41bd1f749de574571f8e59a4649c15 .iconbox_content_title{\ncolor:#333333;\n}\n<\/style>\n<article  class='iconbox iconbox_left av-wx65c-7e41bd1f749de574571f8e59a4649c15  avia-builder-el-7  el_after_av_icon_box  el_before_av_icon_box  lowercase'  itemscope=\"itemscope\" itemtype=\"https:\/\/schema.org\/CreativeWork\" ><div class=\"iconbox_content\"><header class=\"entry-content-header\"><div class=\"iconbox_icon heading-color\" aria-hidden='true' data-av_icon='\ue805' data-av_iconfont='entypo-fontello'><\/div><h3 class='iconbox_content_title '  itemprop=\"headline\" ><a href='mailto:mailto:mail@jaeger-id.com' title='mail@jaeger-id.com'  >mail@jaeger-id.com<\/a><\/h3><\/header><div class='iconbox_content_container '  itemprop=\"text\" ><\/div><\/div><footer class=\"entry-footer\"><\/footer><\/article><br \/>\n\n<style type=\"text\/css\" data-created_by=\"avia_inline_auto\" id=\"style-css-av-tciz4-e35f98860a051ba078b958b08751d0dc\">\n#top #wrap_all .iconbox.av-tciz4-e35f98860a051ba078b958b08751d0dc .iconbox_content_title{\ncolor:#333333;\n}\n<\/style>\n<article  class='iconbox iconbox_left av-tciz4-e35f98860a051ba078b958b08751d0dc  avia-builder-el-8  el_after_av_icon_box  avia-builder-el-last '  itemscope=\"itemscope\" itemtype=\"https:\/\/schema.org\/CreativeWork\" ><div class=\"iconbox_content\"><header class=\"entry-content-header\"><div class=\"iconbox_icon heading-color\" aria-hidden='true' data-av_icon='\ue842' data-av_iconfont='entypo-fontello'><\/div><h3 class='iconbox_content_title '  itemprop=\"headline\" >Beimsstra\u00dfe 89a<br \/>39110 Magdeburg<\/h3><\/header><div class='iconbox_content_container '  itemprop=\"text\" ><\/div><\/div><footer class=\"entry-footer\"><\/footer><\/article><\/p><\/div>\n<style type=\"text\/css\" data-created_by=\"avia_inline_auto\" id=\"style-css-av-lmyw8ylk-7a470e68c39a30175a607b6d9ae379f9\">\n.flex_column.av-lmyw8ylk-7a470e68c39a30175a607b6d9ae379f9{\nborder-radius:0px 0px 0px 0px;\npadding:20px 20px 20px 20px;\nbackground-color:#ffffff;\n}\n<\/style>\n<div  class='flex_column av-lmyw8ylk-7a470e68c39a30175a607b6d9ae379f9 av_one_third  avia-builder-el-9  el_after_av_one_third  el_before_av_google_map  avia-builder-el-last  flex_column_div  '     ><section  class='av_textblock_section av-ja2d4-53b8c10105f11f131ca0ee4ac8e14aad '   itemscope=\"itemscope\" itemtype=\"https:\/\/schema.org\/CreativeWork\" ><div class='avia_textblock'  itemprop=\"text\" >\n<div class=\"wpcf7 no-js\" id=\"wpcf7-f483-o1\" lang=\"\" dir=\"ltr\">\n<div class=\"screen-reader-response\"><p role=\"status\" aria-live=\"polite\" aria-atomic=\"true\"><\/p> <ul><\/ul><\/div>\n<form action=\"\/de\/wp-json\/wp\/v2\/pages\/328#wpcf7-f483-o1\" method=\"post\" class=\"wpcf7-form init\" aria-label=\"Kontaktformular\" novalidate=\"novalidate\" data-status=\"init\">\n<div style=\"display: none;\">\n<input type=\"hidden\" name=\"_wpcf7\" value=\"483\" \/>\n<input type=\"hidden\" name=\"_wpcf7_version\" value=\"5.8.7\" \/>\n<input type=\"hidden\" name=\"_wpcf7_locale\" value=\"\" \/>\n<input type=\"hidden\" name=\"_wpcf7_unit_tag\" value=\"wpcf7-f483-o1\" \/>\n<input type=\"hidden\" name=\"_wpcf7_container_post\" value=\"0\" \/>\n<input type=\"hidden\" name=\"_wpcf7_posted_data_hash\" value=\"\" \/>\n<\/div>\n<p><span class=\"wpcf7-form-control-wrap\" data-name=\"your-email\"><input size=\"40\" class=\"wpcf7-form-control wpcf7-email wpcf7-validates-as-required wpcf7-text wpcf7-validates-as-email\" aria-required=\"true\" aria-invalid=\"false\" placeholder=\"Ihre E-Mail-Adresse (Pflichtfeld)\" value=\"\" type=\"email\" name=\"your-email\" \/><\/span>\n<\/p>\n<p><span class=\"wpcf7-form-control-wrap\" data-name=\"your-message\"><textarea cols=\"40\" rows=\"5\" class=\"wpcf7-form-control wpcf7-textarea\" aria-invalid=\"false\" placeholder=\"Ihre Nachricht (Pflichtfeld)\" name=\"your-message\"><\/textarea><\/span>\n<\/p>\n<p>[wpgdprc \"Mit der Nutzung dieses Formulars erkl\u00e4ren Sie sich mit der Speicherung und Verarbeitung Ihrer Daten durch diese Website einverstanden.\"]\n<\/p>\n<p><input class=\"wpcf7-form-control wpcf7-submit has-spinner\" type=\"submit\" value=\"Senden\" \/>\n<\/p><div class=\"wpcf7-response-output\" aria-hidden=\"true\"><\/div>\n<\/form>\n<\/div>\n\n<\/div><\/section><\/div><div  class='av_gmaps_sc_main_wrap av_gmaps_main_wrap '><div id='av_gmap_0' class='avia-google-map-container avia-google-map-sc av_gmaps_show_unconditionally av-no-fallback-img ' data-mapid='av_gmap_0'  style='height: 400px;'><a class=\"av_gmaps_browser_disabled av_text_confirm_link av_text_confirm_link_visible\" href=\"https:\/\/www.google.com\/maps\/search\/?api=1&#038;query=Lorenzweg%2043%20%20Magdeburg%20%20Deutschland\" target=\"_blank\" rel=\"noopener\">Aufgrund deiner Datenschutz-Einstellungen k\u00f6nnen wir Ihnen die Karte nicht anzeigen. Klicken Sie hier, um die Karte in einem neuen Fenster zu \u00f6ffnen.<\/a><\/div><\/div>\n\n","protected":false},"excerpt":{"rendered":"","protected":false},"author":644,"featured_media":0,"parent":0,"menu_order":0,"comment_status":"closed","ping_status":"closed","template":"","meta":{"footnotes":""},"yoast_head":"<!-- This site is optimized with the Yoast SEO plugin v22.0 - https:\/\/yoast.com\/wordpress\/plugins\/seo\/ -->\n<title>Designb\u00fcro finden und Kontakt aufnehmen<\/title>\n<meta name=\"description\" content=\"Wenn Sie ein Designb\u00fcro f\u00fcr Produktdesign suchen, dann sind Sie auf dieser Seite richtig.\" \/>\n<meta name=\"robots\" content=\"index, follow, max-snippet:-1, max-image-preview:large, max-video-preview:-1\" \/>\n<link rel=\"canonical\" href=\"https:\/\/www.jaeger-id.com\/de\/kontakt\/\" \/>\n<meta property=\"og:locale\" content=\"de_DE\" \/>\n<meta property=\"og:type\" content=\"article\" \/>\n<meta property=\"og:title\" content=\"Designb\u00fcro finden und Kontakt aufnehmen\" \/>\n<meta property=\"og:description\" content=\"Wenn Sie ein Designb\u00fcro f\u00fcr Produktdesign suchen, dann sind Sie auf dieser Seite richtig.\" \/>\n<meta property=\"og:url\" content=\"https:\/\/www.jaeger-id.com\/de\/kontakt\/\" \/>\n<meta property=\"og:site_name\" content=\"Jaeger.ID\" \/>\n<meta property=\"article:modified_time\" content=\"2024-11-29T09:51:48+00:00\" \/>\n<meta name=\"twitter:label1\" content=\"Gesch\u00e4tzte Lesezeit\" \/>\n\t<meta name=\"twitter:data1\" content=\"1\u00a0Minute\" \/>\n<script type=\"application\/ld+json\" class=\"yoast-schema-graph\">{\"@context\":\"https:\/\/schema.org\",\"@graph\":[{\"@type\":\"WebPage\",\"@id\":\"https:\/\/www.jaeger-id.com\/de\/kontakt\/\",\"url\":\"https:\/\/www.jaeger-id.com\/de\/kontakt\/\",\"name\":\"Designb\u00fcro finden und Kontakt aufnehmen\",\"isPartOf\":{\"@id\":\"https:\/\/www.jaeger-id.com\/#website\"},\"datePublished\":\"2011-12-02T17:57:10+00:00\",\"dateModified\":\"2024-11-29T09:51:48+00:00\",\"description\":\"Wenn Sie ein Designb\u00fcro f\u00fcr Produktdesign suchen, dann sind Sie auf dieser Seite richtig.\",\"breadcrumb\":{\"@id\":\"https:\/\/www.jaeger-id.com\/de\/kontakt\/#breadcrumb\"},\"inLanguage\":\"de\",\"potentialAction\":[{\"@type\":\"ReadAction\",\"target\":[\"https:\/\/www.jaeger-id.com\/de\/kontakt\/\"]}]},{\"@type\":\"BreadcrumbList\",\"@id\":\"https:\/\/www.jaeger-id.com\/de\/kontakt\/#breadcrumb\",\"itemListElement\":[{\"@type\":\"ListItem\",\"position\":1,\"name\":\"Home\",\"item\":\"https:\/\/www.jaeger-id.com\/de\/home\/\"},{\"@type\":\"ListItem\",\"position\":2,\"name\":\"Kontakt\"}]},{\"@type\":\"WebSite\",\"@id\":\"https:\/\/www.jaeger-id.com\/#website\",\"url\":\"https:\/\/www.jaeger-id.com\/\",\"name\":\"Jaeger.ID\",\"description\":\"Industrial Design Studio\",\"potentialAction\":[{\"@type\":\"SearchAction\",\"target\":{\"@type\":\"EntryPoint\",\"urlTemplate\":\"https:\/\/www.jaeger-id.com\/?s={search_term_string}\"},\"query-input\":\"required name=search_term_string\"}],\"inLanguage\":\"de\"}]}<\/script>\n<!-- \/ Yoast SEO plugin. -->","yoast_head_json":{"title":"Designb\u00fcro finden und Kontakt aufnehmen","description":"Wenn Sie ein Designb\u00fcro f\u00fcr Produktdesign suchen, dann sind Sie auf dieser Seite richtig.","robots":{"index":"index","follow":"follow","max-snippet":"max-snippet:-1","max-image-preview":"max-image-preview:large","max-video-preview":"max-video-preview:-1"},"canonical":"https:\/\/www.jaeger-id.com\/de\/kontakt\/","og_locale":"de_DE","og_type":"article","og_title":"Designb\u00fcro finden und Kontakt aufnehmen","og_description":"Wenn Sie ein Designb\u00fcro f\u00fcr Produktdesign suchen, dann sind Sie auf dieser Seite richtig.","og_url":"https:\/\/www.jaeger-id.com\/de\/kontakt\/","og_site_name":"Jaeger.ID","article_modified_time":"2024-11-29T09:51:48+00:00","twitter_misc":{"Gesch\u00e4tzte Lesezeit":"1\u00a0Minute"},"schema":{"@context":"https:\/\/schema.org","@graph":[{"@type":"WebPage","@id":"https:\/\/www.jaeger-id.com\/de\/kontakt\/","url":"https:\/\/www.jaeger-id.com\/de\/kontakt\/","name":"Designb\u00fcro finden und Kontakt aufnehmen","isPartOf":{"@id":"https:\/\/www.jaeger-id.com\/#website"},"datePublished":"2011-12-02T17:57:10+00:00","dateModified":"2024-11-29T09:51:48+00:00","description":"Wenn Sie ein Designb\u00fcro f\u00fcr Produktdesign suchen, dann sind Sie auf dieser Seite richtig.","breadcrumb":{"@id":"https:\/\/www.jaeger-id.com\/de\/kontakt\/#breadcrumb"},"inLanguage":"de","potentialAction":[{"@type":"ReadAction","target":["https:\/\/www.jaeger-id.com\/de\/kontakt\/"]}]},{"@type":"BreadcrumbList","@id":"https:\/\/www.jaeger-id.com\/de\/kontakt\/#breadcrumb","itemListElement":[{"@type":"ListItem","position":1,"name":"Home","item":"https:\/\/www.jaeger-id.com\/de\/home\/"},{"@type":"ListItem","position":2,"name":"Kontakt"}]},{"@type":"WebSite","@id":"https:\/\/www.jaeger-id.com\/#website","url":"https:\/\/www.jaeger-id.com\/","name":"Jaeger.ID","description":"Industrial Design Studio","potentialAction":[{"@type":"SearchAction","target":{"@type":"EntryPoint","urlTemplate":"https:\/\/www.jaeger-id.com\/?s={search_term_string}"},"query-input":"required name=search_term_string"}],"inLanguage":"de"}]}},"amp_enabled":true,"_links":{"self":[{"href":"https:\/\/www.jaeger-id.com\/de\/wp-json\/wp\/v2\/pages\/328"}],"collection":[{"href":"https:\/\/www.jaeger-id.com\/de\/wp-json\/wp\/v2\/pages"}],"about":[{"href":"https:\/\/www.jaeger-id.com\/de\/wp-json\/wp\/v2\/types\/page"}],"author":[{"embeddable":true,"href":"https:\/\/www.jaeger-id.com\/de\/wp-json\/wp\/v2\/users\/644"}],"replies":[{"embeddable":true,"href":"https:\/\/www.jaeger-id.com\/de\/wp-json\/wp\/v2\/comments?post=328"}],"version-history":[{"count":23,"href":"https:\/\/www.jaeger-id.com\/de\/wp-json\/wp\/v2\/pages\/328\/revisions"}],"predecessor-version":[{"id":3863,"href":"https:\/\/www.jaeger-id.com\/de\/wp-json\/wp\/v2\/pages\/328\/revisions\/3863"}],"wp:attachment":[{"href":"https:\/\/www.jaeger-id.com\/de\/wp-json\/wp\/v2\/media?parent=328"}],"curies":[{"name":"wp","href":"https:\/\/api.w.org\/{rel}","templated":true}]}}