{"id":773,"date":"2025-06-06T14:41:51","date_gmt":"2025-06-06T14:41:51","guid":{"rendered":"https:\/\/www.jaeger-id.com\/?page_id=773"},"modified":"2025-06-06T14:41:51","modified_gmt":"2025-06-06T14:41:51","slug":"modellierung-von-freiformflaechen","status":"publish","type":"page","link":"https:\/\/www.jaeger-id.com\/de\/leistungen\/3d-cad-konstruktion\/modellierung-von-freiformflaechen\/","title":{"rendered":"Modellierung von Freiformfl\u00e4chen"},"content":{"rendered":"\n<style type=\"text\/css\" data-created_by=\"avia_inline_auto\" id=\"style-css-av-mbkwyjxj-5aa8c2f59bec883addf345e4d8aea089\">\n#top .av-special-heading.av-mbkwyjxj-5aa8c2f59bec883addf345e4d8aea089{\npadding-bottom:10px;\n}\nbody .av-special-heading.av-mbkwyjxj-5aa8c2f59bec883addf345e4d8aea089 .av-special-heading-tag .heading-char{\nfont-size:25px;\n}\n.av-special-heading.av-mbkwyjxj-5aa8c2f59bec883addf345e4d8aea089 .av-subheading{\nfont-size:15px;\n}\n<\/style>\n<div  class='av-special-heading av-mbkwyjxj-5aa8c2f59bec883addf345e4d8aea089 av-special-heading-h2  avia-builder-el-0  el_before_av_textblock  avia-builder-el-first '><h2 class='av-special-heading-tag'  itemprop=\"headline\"  >Freiformfl\u00e4chen-Modellierung<\/h2><div class=\"special-heading-border\"><div class=\"special-heading-inner-border\"><\/div><\/div><\/div>\n<section  class='av_textblock_section av-mbkwtv59-3860212e49ebdc16ee00331991fe7779 '   itemscope=\"itemscope\" itemtype=\"https:\/\/schema.org\/CreativeWork\" ><div class='avia_textblock'  itemprop=\"text\" ><h3><strong>Wie definiert sich eine Freiformfl\u00e4che und was gibt es noch f\u00fcr Geometrien?<\/strong><\/h3>\n<p data-start=\"229\" data-end=\"743\">Die Freiformfl\u00e4chen-Modellierung ist ein spezialisiertes Teilgebiet der 3D-CAD-Konstruktion, das sich mit der Erstellung komplexer, \u00e4sthetisch und funktional hochwertiger Fl\u00e4chengeometrien besch\u00e4ftigt. Anders als bei der klassischen Volumenmodellierung, bei der meist einfache Geometrien (wie W\u00fcrfel oder Zylinder) kombiniert werden, erm\u00f6glicht die Fl\u00e4chenmodellierung die Gestaltung freier, organischer oder aerodynamischer Formen \u2013 \u00fcblicherweise mit h\u00f6chsten Anspr\u00fcchen an Kontinuit\u00e4t, Genauigkeit und Oberfl\u00e4chenqualit\u00e4t.<\/p>\n<p data-start=\"745\" data-end=\"1117\">Typische Einsatzbereiche f\u00fcr Freiformfl\u00e4chen liegen in der Automobil- und Luftfahrtindustrie, im Produkt- und Industriedesign sowie im Maschinenbau, wenn z.\u202fB. ergonomische oder designgef\u00fchrte Formen realisiert werden sollen. Auch im Prototypenbau und bei der Entwicklung von Kunststoff- und Spritzgussteilen ist die pr\u00e4zise Modellierung von Freiformfl\u00e4chen unverzichtbar.<\/p>\n<p data-start=\"1119\" data-end=\"1412\">Ein zentrales Ziel ist die sogenannte <strong data-start=\"1157\" data-end=\"1181\">Class-A-Modellierung<\/strong> \u2013 die Erzeugung besonders hochwertiger Oberfl\u00e4chen, die sowohl optisch als auch technisch h\u00f6chsten Anforderungen gen\u00fcgen. Hier spielen Kriterien wie G2\u2013G3-Kontinuit\u00e4t, Tangentenverl\u00e4ufe und Reflexionsverhalten eine zentrale Rolle.<\/p>\n<p data-start=\"1414\" data-end=\"1638\">Mit Hilfe moderner CAD-Systeme z.B. <a href=\"https:\/\/www.jaeger-id.com\/de\/leistungen\/rhino-3d-cad-service\/\">Rhino3D<\/a> erstellen wir komplexe Freiformfl\u00e4chenmodelle, die sowohl als Grundlage f\u00fcr Prototypen- sowie sp\u00e4tere Serienfertigung dienen k\u00f6nnen.<\/p>\n<h3 data-start=\"50\" data-end=\"112\">Wo kommen Freiformfl\u00e4chen zum Einsatz?<\/h3>\n<p data-start=\"114\" data-end=\"372\">Die Freiformfl\u00e4chen-Modellierung ist aus vielen Branchen nicht mehr wegzudenken. \u00dcberall dort, wo es auf anspruchsvolle Geometrien, nahtlose \u00dcberg\u00e4nge und ein \u00fcberzeugendes Zusammenspiel aus Design und Funktion ankommt, ist diese Modellierungstechnik das Mittel der Wahl.<\/p>\n<p data-start=\"374\" data-end=\"407\">Typische Anwendungsbereiche sind:<\/p>\n<ul data-start=\"409\" data-end=\"1466\">\n<li data-start=\"409\" data-end=\"659\">\n<p data-start=\"411\" data-end=\"659\"><strong data-start=\"411\" data-end=\"433\">Automobilindustrie<\/strong><br data-start=\"433\" data-end=\"436\" \/>Ob Exterieur-Design (z.\u202fB. Karosserie, Scheinwerfergeh\u00e4use, Spoiler) oder Interieur-Elemente wie Cockpits, Sitzschalen oder Bedienelemente \u2013 Freiformfl\u00e4chen sind hier essenziell f\u00fcr das Erscheinungsbild und die Ergonomie.<\/p>\n<\/li>\n<li data-start=\"661\" data-end=\"921\">\n<p data-start=\"663\" data-end=\"921\"><strong data-start=\"663\" data-end=\"696\">Industriedesign &amp; Konsumg\u00fcter<\/strong><br data-start=\"696\" data-end=\"699\" \/>Produkte wie Haushaltsger\u00e4te, Unterhaltungselektronik, Verpackungen oder Werkzeuge leben von ihrem Design. Flie\u00dfende \u00dcberg\u00e4nge, ergonomische Formen und klare Linienf\u00fchrung lassen sich nur mit Freiformfl\u00e4chen realisieren.<\/p>\n<\/li>\n<li data-start=\"923\" data-end=\"1099\">\n<p data-start=\"925\" data-end=\"1099\"><strong data-start=\"925\" data-end=\"948\">Luft- und Raumfahrt<\/strong><br data-start=\"948\" data-end=\"951\" \/>Aerodynamik erfordert glatte, str\u00f6mungsoptimierte Fl\u00e4chen ohne abrupte \u00dcberg\u00e4nge \u2013 ein klassisches Einsatzgebiet f\u00fcr fl\u00e4chenbasierte Modellierung.<\/p>\n<\/li>\n<li data-start=\"1101\" data-end=\"1282\">\n<p data-start=\"1103\" data-end=\"1282\"><strong data-start=\"1103\" data-end=\"1132\">Maschinenbau &amp; Anlagenbau<\/strong><br data-start=\"1132\" data-end=\"1135\" \/>Auch im technisch orientierten Umfeld sind Freiformfl\u00e4chen gefragt \u2013 etwa bei Abdeckungen, Geh\u00e4usen, ergonomischen Bedienfl\u00e4chen oder Formteilen.<\/p>\n<\/li>\n<li data-start=\"1284\" data-end=\"1466\">\n<p data-start=\"1286\" data-end=\"1466\"><strong data-start=\"1286\" data-end=\"1324\">Medizintechnik &amp; Orthop\u00e4dietechnik<\/strong><br data-start=\"1324\" data-end=\"1327\" \/>Individuelle Passformen f\u00fcr Implantate, Prothesen oder Geh\u00e4useteile mit organischen Konturen entstehen durch pr\u00e4zise Fl\u00e4chenmodellierung.<\/p>\n<\/li>\n<\/ul>\n<p data-start=\"1468\" data-end=\"1718\">Die Vielfalt der Anwendungen zeigt: Freiformfl\u00e4chen sind weit mehr als Designspielerei \u2013 sie sind ein Schl\u00fcssel zur Funktion, zur Benutzerfreundlichkeit und zur Markenidentit\u00e4t eines Produkts. Und genau deshalb lohnt sich ihr professioneller Einsatz.<\/p>\n<p><strong>K\u00f6nnen Sie sowas erstellen?<\/strong><\/p>\n<p>Selbstverst\u00e4ndlich. Als Industriedesigner erstellt man heutzutage im Normalfall haupts\u00e4chlich Freiformfl\u00e4chen. Produkte, die aus Regelgeometrien hergestellt werden sind die absolute Ausnahme. Regelgeometrien haben meist einen etwas kantigen Charme und sind meistens eher eine Beleidung f\u00fcr das Auge eines \u00e4sthetisch anspruchsvollen Betrachter. Ausnahmen best\u00e4tigen allerdings wie so oft die Regel. Die momentan sehr beliebte iPhone-Formsprache ist im Prinzip Regelgeometrie. F\u00fcr diese Art einfachster Geometrie ist das Einsatzspektrum allerdings sehr begrenzt. Kaum jemand w\u00fcrde wohl ein Fahrzeug kaufen, das aus geraden Fl\u00e4chen und Radien besteht.<\/p>\n<\/div><\/section>\n<div  class='av_promobox av-mbkwv27t-2d1f9e67f27a852aaaa44f465339363d avia-button-yes  avia-builder-el-2  el_after_av_textblock  avia-builder-el-last '><div class='avia-promocontent'><p>\nWenn Sie Unterst\u00fctzung bei der Modellierung mit Freiformfl\u00e4chen ben\u00f6tigen, nehmen Sie gerne Kontakt mit mir auf<\/p>\n<\/div><div  class='avia-button-wrap av-mbkwv27t-51281376fd2e267e78647379c1de1401-wrap avia-button-right '><a href='mailto:mailto:mail@jaeger-id.com'  class='avia-button av-mbkwv27t-51281376fd2e267e78647379c1de1401 avia-icon_select-no avia-size-large avia-position-right avia-color-theme-color'  ><span class='avia_iconbox_title' >E-Mail schreiben<\/span><\/a><\/div><\/div>\n","protected":false},"excerpt":{"rendered":"","protected":false},"author":644,"featured_media":0,"parent":51,"menu_order":0,"comment_status":"open","ping_status":"open","template":"","meta":{"footnotes":""},"yoast_head":"<!-- This site is optimized with the Yoast SEO plugin v22.0 - https:\/\/yoast.com\/wordpress\/plugins\/seo\/ -->\n<title>Wir modellieren NURBS-Freiformfl\u00e4chen<\/title>\n<meta name=\"robots\" content=\"index, follow, max-snippet:-1, max-image-preview:large, max-video-preview:-1\" \/>\n<link rel=\"canonical\" href=\"https:\/\/www.jaeger-id.com\/de\/leistungen\/3d-cad-konstruktion\/modellierung-von-freiformflaechen\/\" \/>\n<meta property=\"og:locale\" content=\"de_DE\" \/>\n<meta property=\"og:type\" content=\"article\" \/>\n<meta property=\"og:title\" content=\"Wir modellieren NURBS-Freiformfl\u00e4chen\" \/>\n<meta property=\"og:url\" content=\"https:\/\/www.jaeger-id.com\/de\/leistungen\/3d-cad-konstruktion\/modellierung-von-freiformflaechen\/\" \/>\n<meta property=\"og:site_name\" content=\"Jaeger.ID\" \/>\n<meta name=\"twitter:label1\" content=\"Gesch\u00e4tzte Lesezeit\" \/>\n\t<meta name=\"twitter:data1\" content=\"2\u00a0Minuten\" \/>\n<script type=\"application\/ld+json\" class=\"yoast-schema-graph\">{\"@context\":\"https:\/\/schema.org\",\"@graph\":[{\"@type\":\"WebPage\",\"@id\":\"https:\/\/www.jaeger-id.com\/de\/leistungen\/3d-cad-konstruktion\/modellierung-von-freiformflaechen\/\",\"url\":\"https:\/\/www.jaeger-id.com\/de\/leistungen\/3d-cad-konstruktion\/modellierung-von-freiformflaechen\/\",\"name\":\"Wir modellieren NURBS-Freiformfl\u00e4chen\",\"isPartOf\":{\"@id\":\"https:\/\/www.jaeger-id.com\/#website\"},\"datePublished\":\"2025-06-06T14:41:51+00:00\",\"dateModified\":\"2025-06-06T14:41:51+00:00\",\"breadcrumb\":{\"@id\":\"https:\/\/www.jaeger-id.com\/de\/leistungen\/3d-cad-konstruktion\/modellierung-von-freiformflaechen\/#breadcrumb\"},\"inLanguage\":\"de\",\"potentialAction\":[{\"@type\":\"ReadAction\",\"target\":[\"https:\/\/www.jaeger-id.com\/de\/leistungen\/3d-cad-konstruktion\/modellierung-von-freiformflaechen\/\"]}]},{\"@type\":\"BreadcrumbList\",\"@id\":\"https:\/\/www.jaeger-id.com\/de\/leistungen\/3d-cad-konstruktion\/modellierung-von-freiformflaechen\/#breadcrumb\",\"itemListElement\":[{\"@type\":\"ListItem\",\"position\":1,\"name\":\"Home\",\"item\":\"https:\/\/www.jaeger-id.com\/de\/home\/\"},{\"@type\":\"ListItem\",\"position\":2,\"name\":\"Leistungen\",\"item\":\"https:\/\/www.jaeger-id.com\/de\/leistungen\/\"},{\"@type\":\"ListItem\",\"position\":3,\"name\":\"3D CAD Konstruktion\",\"item\":\"https:\/\/www.jaeger-id.com\/de\/leistungen\/3d-cad-konstruktion\/\"},{\"@type\":\"ListItem\",\"position\":4,\"name\":\"Modellierung von Freiformfl\u00e4chen\"}]},{\"@type\":\"WebSite\",\"@id\":\"https:\/\/www.jaeger-id.com\/#website\",\"url\":\"https:\/\/www.jaeger-id.com\/\",\"name\":\"Jaeger.ID\",\"description\":\"Industrial Design Studio\",\"potentialAction\":[{\"@type\":\"SearchAction\",\"target\":{\"@type\":\"EntryPoint\",\"urlTemplate\":\"https:\/\/www.jaeger-id.com\/?s={search_term_string}\"},\"query-input\":\"required name=search_term_string\"}],\"inLanguage\":\"de\"}]}<\/script>\n<!-- \/ Yoast SEO plugin. -->","yoast_head_json":{"title":"Wir modellieren NURBS-Freiformfl\u00e4chen","robots":{"index":"index","follow":"follow","max-snippet":"max-snippet:-1","max-image-preview":"max-image-preview:large","max-video-preview":"max-video-preview:-1"},"canonical":"https:\/\/www.jaeger-id.com\/de\/leistungen\/3d-cad-konstruktion\/modellierung-von-freiformflaechen\/","og_locale":"de_DE","og_type":"article","og_title":"Wir modellieren NURBS-Freiformfl\u00e4chen","og_url":"https:\/\/www.jaeger-id.com\/de\/leistungen\/3d-cad-konstruktion\/modellierung-von-freiformflaechen\/","og_site_name":"Jaeger.ID","twitter_misc":{"Gesch\u00e4tzte Lesezeit":"2\u00a0Minuten"},"schema":{"@context":"https:\/\/schema.org","@graph":[{"@type":"WebPage","@id":"https:\/\/www.jaeger-id.com\/de\/leistungen\/3d-cad-konstruktion\/modellierung-von-freiformflaechen\/","url":"https:\/\/www.jaeger-id.com\/de\/leistungen\/3d-cad-konstruktion\/modellierung-von-freiformflaechen\/","name":"Wir modellieren NURBS-Freiformfl\u00e4chen","isPartOf":{"@id":"https:\/\/www.jaeger-id.com\/#website"},"datePublished":"2025-06-06T14:41:51+00:00","dateModified":"2025-06-06T14:41:51+00:00","breadcrumb":{"@id":"https:\/\/www.jaeger-id.com\/de\/leistungen\/3d-cad-konstruktion\/modellierung-von-freiformflaechen\/#breadcrumb"},"inLanguage":"de","potentialAction":[{"@type":"ReadAction","target":["https:\/\/www.jaeger-id.com\/de\/leistungen\/3d-cad-konstruktion\/modellierung-von-freiformflaechen\/"]}]},{"@type":"BreadcrumbList","@id":"https:\/\/www.jaeger-id.com\/de\/leistungen\/3d-cad-konstruktion\/modellierung-von-freiformflaechen\/#breadcrumb","itemListElement":[{"@type":"ListItem","position":1,"name":"Home","item":"https:\/\/www.jaeger-id.com\/de\/home\/"},{"@type":"ListItem","position":2,"name":"Leistungen","item":"https:\/\/www.jaeger-id.com\/de\/leistungen\/"},{"@type":"ListItem","position":3,"name":"3D CAD Konstruktion","item":"https:\/\/www.jaeger-id.com\/de\/leistungen\/3d-cad-konstruktion\/"},{"@type":"ListItem","position":4,"name":"Modellierung von Freiformfl\u00e4chen"}]},{"@type":"WebSite","@id":"https:\/\/www.jaeger-id.com\/#website","url":"https:\/\/www.jaeger-id.com\/","name":"Jaeger.ID","description":"Industrial Design Studio","potentialAction":[{"@type":"SearchAction","target":{"@type":"EntryPoint","urlTemplate":"https:\/\/www.jaeger-id.com\/?s={search_term_string}"},"query-input":"required name=search_term_string"}],"inLanguage":"de"}]}},"amp_enabled":true,"_links":{"self":[{"href":"https:\/\/www.jaeger-id.com\/de\/wp-json\/wp\/v2\/pages\/773"}],"collection":[{"href":"https:\/\/www.jaeger-id.com\/de\/wp-json\/wp\/v2\/pages"}],"about":[{"href":"https:\/\/www.jaeger-id.com\/de\/wp-json\/wp\/v2\/types\/page"}],"author":[{"embeddable":true,"href":"https:\/\/www.jaeger-id.com\/de\/wp-json\/wp\/v2\/users\/644"}],"replies":[{"embeddable":true,"href":"https:\/\/www.jaeger-id.com\/de\/wp-json\/wp\/v2\/comments?post=773"}],"version-history":[{"count":4,"href":"https:\/\/www.jaeger-id.com\/de\/wp-json\/wp\/v2\/pages\/773\/revisions"}],"predecessor-version":[{"id":3913,"href":"https:\/\/www.jaeger-id.com\/de\/wp-json\/wp\/v2\/pages\/773\/revisions\/3913"}],"up":[{"embeddable":true,"href":"https:\/\/www.jaeger-id.com\/de\/wp-json\/wp\/v2\/pages\/51"}],"wp:attachment":[{"href":"https:\/\/www.jaeger-id.com\/de\/wp-json\/wp\/v2\/media?parent=773"}],"curies":[{"name":"wp","href":"https:\/\/api.w.org\/{rel}","templated":true}]}}